{"id":102,"date":"2024-02-28T11:57:09","date_gmt":"2024-02-28T10:57:09","guid":{"rendered":"https:\/\/nonkongress.noblogs.org\/?page_id=102"},"modified":"2024-02-28T12:20:22","modified_gmt":"2024-02-28T11:20:22","slug":"zum-kongress","status":"publish","type":"page","link":"https:\/\/nonkongress.noblogs.org\/","title":{"rendered":"Zum Kongress"},"content":{"rendered":"<p><strong>Wann: 21.-23. Juni 2024<\/strong><\/p>\n<p><strong>Wo: in Berlin, genauer Ort per Mail<\/strong><\/p>\n<p><strong>Anmeldung per E-Mail: non-kongress[at]systemli.org<\/strong><\/p>\n<p>Es geht uns nur darum eine Idee zu kriegen, mit wie vielen Personen wir<br \/>\nplanen m\u00fcssen. Wir brauchen von euch also kein politisches Portfolio, Bekenntnisbelege oder<br \/>\nb\u00fcrgerliche Informationen wie eure Namen.<\/p>\n<p>Wir sind leider nicht in der Lage Schlafpl\u00e4tze zu organisieren. Deswegen k\u00fcmmert euch bitte<br \/>\nselbstst\u00e4ndig. Wir m\u00f6chten aber alle Menschen in Berlin darum bitten in eurer E-Mail zu schreiben,<br \/>\nob ihr Schlafpl\u00e4tze anbieten k\u00f6nnt. Dann k\u00f6nnten wir vor Ort w\u00e4hrend des Kongresses eine kleine<br \/>\nSchlafplatzb\u00f6rse organisieren.<\/p>\n<p><a href=\"https:\/\/nonkongress.noblogs.org\/files\/2024\/02\/Vorlaeufiges-Programm.pdf\"><strong>Vorl\u00e4ufiges Programm f\u00fcr den NON-Kongress (pdf)<\/strong><\/a><\/p>\n<p><em>Freitag (Beginn 19 Uhr)<\/em><br \/>\nBegr\u00fc\u00dfung: Zur Perspektive NON \u2013 Was ist das? Und wie sind wir dahin gekommen.<br \/>\nEinsch\u00e4tzungen und anschlie\u00dfende Diskussion zum Status Quo:<br \/>\nLeben wir in vor-revolution\u00e4ren Zeiten? Was bewegt sich gerade in und mit den Aufst\u00e4nden und<br \/>\nNon-Bewegungen? Wie verh\u00e4lt sich die Krise der (radikalen) Linken dazu? K\u00f6nnen oder d\u00fcrfen wir<br \/>\n\u00fcberhaupt Hoffnung haben?<\/p>\n<p><em>Samstag (Beginn 10 Uhr)<\/em><br \/>\n<em>Erste Runde:<\/em> Beitr\u00e4ge und anschlie\u00dfende Diskussion zur Zeitenwende. Covid-19 \u2013<br \/>\nWissenschaftskritik \u2013 Religion \u2013 Ausnahmezustand<br \/>\nWar Corona nur eine Ausnahme von der Ausnahme oder Ausdruck eines sich normalisierenden<br \/>\nAusnahmezustandes? Welche Subjektivierungsweisen lassen sich angesichts des Endes des<br \/>\nNeoliberalismus\/der Zeitenwende beobachten? Welche Rolle spielen Digitalisierung und<br \/>\nWissenschaft in der Produktion einer neuen Form gesellschaftlicher Totalit\u00e4t? Wissenschaft als<br \/>\nReligion \u2013 wer sind ihre Gl\u00e4ubigen? Bio- und Nekropolitik<\/p>\n<p><em>weiter um 15.30Uhr<\/em><br \/>\n<em>Zweite Runde:<\/em> Beitr\u00e4ge und anschlie\u00dfende Diskussion zu (No) Future. \u00d6kologisches<br \/>\nAkkumulationsregime \u2013 Finanzmarkt \u2013 Neue Welt(un)ordnung<br \/>\nWas bedeutet die Herrschaft der \u00d6kologie? Wohin f\u00fchrt die ewig fortschreitende formale<br \/>\nAbstraktion des Kapitalismus: Vorherrschaft der Finanzspekulation, Einbruch des Endlichen und<br \/>\ngr\u00fcner \u201eFaschismus\u201c? Der Katastrophismus als Ideologie der Erneuerung oder des Endes?<\/p>\n<p><em>Sonntag (Beginn 10 Uhr)<\/em><br \/>\nAbschluss: Was ist Politik? Von Oasen und Territorien. Ethik vs. Politik vs. Universalismus \u2013<br \/>\nDestitution, Desertion, Destruktion<br \/>\nErleben wir das Ende der Politik wie sie in der westlichen Welt seit der Antike gelebt wurde oder<br \/>\ngerade ihren Neuanfang? Wie einen Neuanfang gestalten oder noch viel einfacher: wie wollen wir<br \/>\nk\u00e4mpfen? Wenn die Politik versagt hat, bleibt uns dann nichts als die Ethik? Wenn der Kampf in der<br \/>\ndirekten Konfrontation aussichtslos erscheint, bleibt uns dann nichts als der Entzug? Die Entsetzungder Macht? Wo liegen die Orte zu ihrer Zerst\u00f6rung? Und mit wem wollen wir k\u00e4mpfen? Und was hei\u00dft es dann zu siegen, auch wenn der Sieg noch lange nicht in Aussicht ist?<\/p>\n","protected":false},"excerpt":{"rendered":"<p>Wann: 21.-23. Juni 2024 Wo: in Berlin, genauer Ort per Mail Anmeldung per E-Mail: non-kongress[at]systemli.org Es geht uns nur darum eine Idee zu kriegen, mit wie vielen Personen wir planen m\u00fcssen. Wir brauchen von euch also kein politisches Portfolio, Bekenntnisbelege &hellip; <a href=\"https:\/\/nonkongress.noblogs.org\/\">Weiterlesen <span class=\"meta-nav\">&rarr;<\/span><\/a><\/p>\n","protected":false},"author":18980,"featured_media":0,"parent":0,"menu_order":0,"comment_status":"closed","ping_status":"closed","template":"","meta":{"footnotes":""},"class_list":["post-102","page","type-page","status-publish","hentry"],"_links":{"self":[{"href":"https:\/\/nonkongress.noblogs.org\/index.php?rest_route=\/wp\/v2\/pages\/102","targetHints":{"allow":["GET"]}}],"collection":[{"href":"https:\/\/nonkongress.noblogs.org\/index.php?rest_route=\/wp\/v2\/pages"}],"about":[{"href":"https:\/\/nonkongress.noblogs.org\/index.php?rest_route=\/wp\/v2\/types\/page"}],"author":[{"embeddable":true,"href":"https:\/\/nonkongress.noblogs.org\/index.php?rest_route=\/wp\/v2\/users\/18980"}],"replies":[{"embeddable":true,"href":"https:\/\/nonkongress.noblogs.org\/index.php?rest_route=%2Fwp%2Fv2%2Fcomments&post=102"}],"version-history":[{"count":5,"href":"https:\/\/nonkongress.noblogs.org\/index.php?rest_route=\/wp\/v2\/pages\/102\/revisions"}],"predecessor-version":[{"id":109,"href":"https:\/\/nonkongress.noblogs.org\/index.php?rest_route=\/wp\/v2\/pages\/102\/revisions\/109"}],"wp:attachment":[{"href":"https:\/\/nonkongress.noblogs.org\/index.php?rest_route=%2Fwp%2Fv2%2Fmedia&parent=102"}],"curies":[{"name":"wp","href":"https:\/\/api.w.org\/{rel}","templated":true}]}}